{"id":720,"date":"2019-10-08T14:50:23","date_gmt":"2019-10-08T14:50:23","guid":{"rendered":"https:\/\/viclinapack.com\/sobre\/"},"modified":"2019-10-08T16:08:59","modified_gmt":"2019-10-08T16:08:59","slug":"sobre","status":"publish","type":"page","link":"https:\/\/viclinapack.com\/ca\/sobre\/","title":{"rendered":"Sobre"},"content":{"rendered":"\t\t<div data-elementor-type=\"wp-post\" data-elementor-id=\"720\" class=\"elementor elementor-720 elementor-14\" data-elementor-post-type=\"page\">\n\t\t\t\t\t\t<section class=\"elementor-section elementor-top-section elementor-element elementor-element-1d88b6f elementor-section-stretched elementor-section-boxed elementor-section-height-default elementor-section-height-default\" data-id=\"1d88b6f\" data-element_type=\"section\" data-e-type=\"section\" data-settings=\"{&quot;stretch_section&quot;:&quot;section-stretched&quot;,&quot;background_background&quot;:&quot;classic&quot;}\">\n\t\t\t\t\t\t<div class=\"elementor-container elementor-column-gap-default\">\n\t\t\t\t\t<div class=\"elementor-column elementor-col-100 elementor-top-column elementor-element elementor-element-2b9df85 animated-slow elementor-invisible\" data-id=\"2b9df85\" data-element_type=\"column\" data-e-type=\"column\" data-settings=\"{&quot;animation&quot;:&quot;fadeIn&quot;}\">\n\t\t\t<div class=\"elementor-widget-wrap elementor-element-populated\">\n\t\t\t\t\t\t<div class=\"elementor-element elementor-element-6d03036 elementor-widget elementor-widget-heading\" data-id=\"6d03036\" data-element_type=\"widget\" data-e-type=\"widget\" data-widget_type=\"heading.default\">\n\t\t\t\t<div class=\"elementor-widget-container\">\n\t\t\t\t\t<h1 class=\"elementor-heading-title elementor-size-default\">Especialistes en solucions d\u2019envasat adaptades a la teva necessitat<\/h1>\t\t\t\t<\/div>\n\t\t\t\t<\/div>\n\t\t\t\t<div class=\"elementor-element elementor-element-b234016 elementor-widget elementor-widget-heading\" data-id=\"b234016\" data-element_type=\"widget\" data-e-type=\"widget\" data-widget_type=\"heading.default\">\n\t\t\t\t<div class=\"elementor-widget-container\">\n\t\t\t\t\t<h1 class=\"elementor-heading-title elementor-size-default\">A Viclinapack oferim solucions integrals d\u2019envasat de sistema strip a trav\u00e9s de la nostra pr\u00f2pia marca i la representaci\u00f3 de firmes internacionals en exclusiva.<\/h1>\t\t\t\t<\/div>\n\t\t\t\t<\/div>\n\t\t\t\t\t<\/div>\n\t\t<\/div>\n\t\t\t\t\t<\/div>\n\t\t<\/section>\n\t\t\t\t<section class=\"elementor-section elementor-top-section elementor-element elementor-element-29a13ad elementor-section-content-middle elementor-reverse-tablet elementor-reverse-mobile elementor-section-boxed elementor-section-height-default elementor-section-height-default\" data-id=\"29a13ad\" data-element_type=\"section\" data-e-type=\"section\">\n\t\t\t\t\t\t<div class=\"elementor-container elementor-column-gap-wider\">\n\t\t\t\t\t<div class=\"elementor-column elementor-col-50 elementor-top-column elementor-element elementor-element-7f46814 elementor-invisible\" data-id=\"7f46814\" data-element_type=\"column\" data-e-type=\"column\" data-settings=\"{&quot;animation&quot;:&quot;fadeInLeft&quot;}\">\n\t\t\t<div class=\"elementor-widget-wrap elementor-element-populated\">\n\t\t\t\t\t\t<div class=\"elementor-element elementor-element-d045838 elementor-widget elementor-widget-image\" data-id=\"d045838\" data-element_type=\"widget\" data-e-type=\"widget\" data-widget_type=\"image.default\">\n\t\t\t\t<div class=\"elementor-widget-container\">\n\t\t\t\t\t\t\t\t\t\t\t\t\t\t\t<img fetchpriority=\"high\" decoding=\"async\" width=\"525\" height=\"545\" src=\"https:\/\/viclinapack.com\/wp-content\/uploads\/2019\/03\/about-viclinapack-img2.jpg\" class=\"attachment-large size-large wp-image-722\" alt=\"\" srcset=\"https:\/\/viclinapack.com\/wp-content\/uploads\/2019\/03\/about-viclinapack-img2.jpg 796w, https:\/\/viclinapack.com\/wp-content\/uploads\/2019\/03\/about-viclinapack-img2-289x300.jpg 289w, https:\/\/viclinapack.com\/wp-content\/uploads\/2019\/03\/about-viclinapack-img2-768x797.jpg 768w\" sizes=\"100vw\" \/>\t\t\t\t\t\t\t\t\t\t\t\t\t\t\t<\/div>\n\t\t\t\t<\/div>\n\t\t\t\t\t<\/div>\n\t\t<\/div>\n\t\t\t\t<div class=\"elementor-column elementor-col-50 elementor-top-column elementor-element elementor-element-3e0bda3\" data-id=\"3e0bda3\" data-element_type=\"column\" data-e-type=\"column\">\n\t\t\t<div class=\"elementor-widget-wrap elementor-element-populated\">\n\t\t\t\t\t\t<div class=\"elementor-element elementor-element-72f5b05 elementor-widget elementor-widget-heading\" data-id=\"72f5b05\" data-element_type=\"widget\" data-e-type=\"widget\" data-widget_type=\"heading.default\">\n\t\t\t\t<div class=\"elementor-widget-container\">\n\t\t\t\t\t<h4 class=\"elementor-heading-title elementor-size-default\">QUI SOM - VICLINAPACK<\/h4>\t\t\t\t<\/div>\n\t\t\t\t<\/div>\n\t\t\t\t<div class=\"elementor-element elementor-element-0aa0aec elementor-widget elementor-widget-text-editor\" data-id=\"0aa0aec\" data-element_type=\"widget\" data-e-type=\"widget\" data-widget_type=\"text-editor.default\">\n\t\t\t\t<div class=\"elementor-widget-container\">\n\t\t\t\t\t\t\t\t\t<p>Viclinapack <span style=\"color: #0064a9;\"><strong>va n\u00e9ixer el 2012, <\/strong><\/span>despr\u00e9s de m\u00e9s de 40 anys d\u2019experi\u00e8ncia en la <span style=\"color: #0064a9;\"><em>representaci\u00f3<\/em><\/span> i\u00a0<span style=\"color: #0064a9;\"><em>fabricaci\u00f3 de m\u00e0quines<\/em><\/span> d&#8217;envasat.<\/p>\n\t\t\t\t\t\t\t\t<\/div>\n\t\t\t\t<\/div>\n\t\t\t\t<div class=\"elementor-element elementor-element-192bc8c elementor-widget-divider--view-line elementor-widget elementor-widget-divider\" data-id=\"192bc8c\" data-element_type=\"widget\" data-e-type=\"widget\" data-widget_type=\"divider.default\">\n\t\t\t\t<div class=\"elementor-widget-container\">\n\t\t\t\t\t\t\t<div class=\"elementor-divider\">\n\t\t\t<span class=\"elementor-divider-separator\">\n\t\t\t\t\t\t<\/span>\n\t\t<\/div>\n\t\t\t\t\t\t<\/div>\n\t\t\t\t<\/div>\n\t\t\t\t<div class=\"elementor-element elementor-element-29b1715 elementor-widget elementor-widget-text-editor\" data-id=\"29b1715\" data-element_type=\"widget\" data-e-type=\"widget\" data-widget_type=\"text-editor.default\">\n\t\t\t\t<div class=\"elementor-widget-container\">\n\t\t\t\t\t\t\t\t\t<p><span style=\"letter-spacing: 0.9px;\">Oferim<\/span><strong style=\"letter-spacing: 0.9px;\"> solucions integrals<\/strong><span style=\"letter-spacing: 0.9px;\"> a trav\u00e9s de la nostra pr\u00f2pia marca\u00a0 <\/span><a style=\"letter-spacing: 0.9px; background-color: #ffffff;\" href=\"https:\/\/viclinapack.com\/sistema-ms\/\"><strong>Vicpack<\/strong><\/a><span style=\"letter-spacing: 0.9px;\"> d&#8217;<\/span><a style=\"letter-spacing: 0.9px; background-color: #ffffff;\">envasadores verticals sistema strip<\/a><span style=\"letter-spacing: 0.9px;\"> i la representaci\u00f3 en exclusiva de firmes internacionals. Aportem un valor afegit als nostres clients de sectors com el <\/span><strong style=\"letter-spacing: 0.9px;\">farmac\u00e8utic, <strong>cosm\u00e8tic, promocional, qu\u00edmic i alimentari<\/strong><\/strong><span style=\"letter-spacing: 0.9px;\">, amb una an\u00e0lisi cont\u00ednua de les \u00faltimes tend\u00e8ncies per respondre a les seves necessitats per a <\/span><strong style=\"letter-spacing: 0.9px;\">envasos unidosis<\/strong><span style=\"letter-spacing: 0.9px;\">, b\u00e9 sigui de productes <\/span><strong style=\"letter-spacing: 0.9px;\">s\u00f2lids<\/strong><span style=\"letter-spacing: 0.9px;\">,\u00a0<\/span><strong style=\"letter-spacing: 0.9px;\">l\u00edquids<\/strong><span style=\"letter-spacing: 0.9px;\">\u00a0o en\u00a0<\/span><strong style=\"letter-spacing: 0.9px;\">pols<\/strong><span style=\"letter-spacing: 0.9px;\">. <\/span>Per a aix\u00f2, som presents a les principals fires internacionals.<\/p>\n\t\t\t\t\t\t\t\t<\/div>\n\t\t\t\t<\/div>\n\t\t\t\t\t<\/div>\n\t\t<\/div>\n\t\t\t\t\t<\/div>\n\t\t<\/section>\n\t\t\t\t<section class=\"elementor-section elementor-top-section elementor-element elementor-element-4412f51 elementor-section-boxed elementor-section-height-default elementor-section-height-default\" data-id=\"4412f51\" data-element_type=\"section\" data-e-type=\"section\">\n\t\t\t\t\t\t<div class=\"elementor-container elementor-column-gap-default\">\n\t\t\t\t\t<div class=\"elementor-column elementor-col-100 elementor-top-column elementor-element elementor-element-68699cf\" data-id=\"68699cf\" data-element_type=\"column\" data-e-type=\"column\">\n\t\t\t<div class=\"elementor-widget-wrap elementor-element-populated\">\n\t\t\t\t\t\t<div class=\"elementor-element elementor-element-351c416 elementor-widget elementor-widget-heading\" data-id=\"351c416\" data-element_type=\"widget\" data-e-type=\"widget\" data-widget_type=\"heading.default\">\n\t\t\t\t<div class=\"elementor-widget-container\">\n\t\t\t\t\t<h4 class=\"elementor-heading-title elementor-size-default\">QU\u00c8 FEM - SOLUCI\u00d3 INTEGRAL D\u2019ENVASAT<\/h4>\t\t\t\t<\/div>\n\t\t\t\t<\/div>\n\t\t\t\t<div class=\"elementor-element elementor-element-b272448 elementor-widget elementor-widget-text-editor\" data-id=\"b272448\" data-element_type=\"widget\" data-e-type=\"widget\" data-widget_type=\"text-editor.default\">\n\t\t\t\t<div class=\"elementor-widget-container\">\n\t\t\t\t\t\t\t\t\t<p>Oferim tot tipus de <strong><span style=\"color: #0064a9;\">solucions d&#8217;envasat en sistema strip<\/span><\/strong>, que cobreixen des de la <span style=\"color: #0064a9;\"><em>venda de la maquin\u00e0ria<\/em><\/span> o servei adequat, fins al <em><span style=\"color: #0064a9;\">manteniment<\/span><\/em> posterior, passant per la <span style=\"color: #0064a9;\"><em>posada en marxa<\/em><\/span>.<\/p>\n\t\t\t\t\t\t\t\t<\/div>\n\t\t\t\t<\/div>\n\t\t\t\t<div class=\"elementor-element elementor-element-489f9ac elementor-widget elementor-widget-text-editor\" data-id=\"489f9ac\" data-element_type=\"widget\" data-e-type=\"widget\" data-widget_type=\"text-editor.default\">\n\t\t\t\t<div class=\"elementor-widget-container\">\n\t\t\t\t\t\t\t\t\t<p>Ens adaptem a les necessitats del nostre client, amb <strong>solucions especialment pensades <\/strong>per a s\u00e8ries curtes i produccions petites d\u2019envasat monodosi, per al sector farmac\u00e8utic, cosm\u00e8tic, promocional, qu\u00edmic i alimentari.<\/p>\n\t\t\t\t\t\t\t\t<\/div>\n\t\t\t\t<\/div>\n\t\t\t\t<div class=\"elementor-element elementor-element-695f96c elementor-widget-divider--view-line elementor-widget elementor-widget-divider\" data-id=\"695f96c\" data-element_type=\"widget\" data-e-type=\"widget\" data-widget_type=\"divider.default\">\n\t\t\t\t<div class=\"elementor-widget-container\">\n\t\t\t\t\t\t\t<div class=\"elementor-divider\">\n\t\t\t<span class=\"elementor-divider-separator\">\n\t\t\t\t\t\t<\/span>\n\t\t<\/div>\n\t\t\t\t\t\t<\/div>\n\t\t\t\t<\/div>\n\t\t\t\t\t<\/div>\n\t\t<\/div>\n\t\t\t\t\t<\/div>\n\t\t<\/section>\n\t\t\t\t<section class=\"elementor-section elementor-top-section elementor-element elementor-element-8300d8a elementor-section-boxed elementor-section-height-default elementor-section-height-default\" data-id=\"8300d8a\" data-element_type=\"section\" data-e-type=\"section\">\n\t\t\t\t\t\t<div class=\"elementor-container elementor-column-gap-wider\">\n\t\t\t\t\t<div class=\"elementor-column elementor-col-100 elementor-top-column elementor-element elementor-element-9e4a2d6\" data-id=\"9e4a2d6\" data-element_type=\"column\" data-e-type=\"column\">\n\t\t\t<div class=\"elementor-widget-wrap elementor-element-populated\">\n\t\t\t\t\t\t<div class=\"elementor-element elementor-element-9220238 elementor-widget elementor-widget-text-editor\" data-id=\"9220238\" data-element_type=\"widget\" data-e-type=\"widget\" data-widget_type=\"text-editor.default\">\n\t\t\t\t<div class=\"elementor-widget-container\">\n\t\t\t\t\t\t\t\t\t<p>En aquest sentit, <strong>venem i lloguem m\u00e0quines envasadores<\/strong><b> <\/b>per a productes s\u00f2lids, l\u00edquids i en pols, tant de les nostres representades, amb sis marques l\u00edders mundials en els seus segments, com de la <a href=\"\/sistema-ms\/\"><b>nostra marca pr\u00f2pia<\/b><\/a>, amb el <b>sistema MS<\/b>: vers\u00e0til, assequible i f\u00e0cil d&#8217;usar i mantenir.<\/p>\n<p>Les opcions que donem als nostres clients a trav\u00e9s de les <a href=\"https:\/\/viclinapack.com\/ca\/representades\/\"><b>nostres representades<\/b><\/a>, la <strong>pres\u00e8ncia de les quals a Espanya \u00e9s exclusiva<\/strong> de Viclinapack, s\u00f3n: desblistadores, software de serialitzaci\u00f3, envasadores verticals, segelladores, m\u00e0quines per recobrir comprimits i punxons i matrius.<\/p>\n\t\t\t\t\t\t\t\t<\/div>\n\t\t\t\t<\/div>\n\t\t\t\t\t<\/div>\n\t\t<\/div>\n\t\t\t\t\t<\/div>\n\t\t<\/section>\n\t\t\t\t<section class=\"elementor-section elementor-top-section elementor-element elementor-element-1c4452a elementor-section-stretched elementor-section-full_width elementor-section-height-default elementor-section-height-default\" data-id=\"1c4452a\" data-element_type=\"section\" data-e-type=\"section\" data-settings=\"{&quot;stretch_section&quot;:&quot;section-stretched&quot;}\">\n\t\t\t\t\t\t<div class=\"elementor-container elementor-column-gap-default\">\n\t\t\t\t\t<div class=\"elementor-column elementor-col-16 elementor-top-column elementor-element elementor-element-b97fb6f\" data-id=\"b97fb6f\" data-element_type=\"column\" data-e-type=\"column\" data-settings=\"{&quot;background_background&quot;:&quot;classic&quot;}\">\n\t\t\t<div class=\"elementor-widget-wrap elementor-element-populated\">\n\t\t\t\t\t\t<div class=\"elementor-element elementor-element-b193862 elementor-widget elementor-widget-spacer\" data-id=\"b193862\" data-element_type=\"widget\" data-e-type=\"widget\" data-widget_type=\"spacer.default\">\n\t\t\t\t<div class=\"elementor-widget-container\">\n\t\t\t\t\t\t\t<div class=\"elementor-spacer\">\n\t\t\t<div class=\"elementor-spacer-inner\"><\/div>\n\t\t<\/div>\n\t\t\t\t\t\t<\/div>\n\t\t\t\t<\/div>\n\t\t\t\t\t<\/div>\n\t\t<\/div>\n\t\t\t\t<div class=\"elementor-column elementor-col-16 elementor-top-column elementor-element elementor-element-2163165\" data-id=\"2163165\" data-element_type=\"column\" data-e-type=\"column\" data-settings=\"{&quot;background_background&quot;:&quot;classic&quot;}\">\n\t\t\t<div class=\"elementor-widget-wrap elementor-element-populated\">\n\t\t\t\t\t\t<div class=\"elementor-element elementor-element-b7bd2a4 elementor-invisible elementor-widget elementor-widget-image\" data-id=\"b7bd2a4\" data-element_type=\"widget\" data-e-type=\"widget\" data-settings=\"{&quot;_animation&quot;:&quot;slideInLeft&quot;}\" data-widget_type=\"image.default\">\n\t\t\t\t<div class=\"elementor-widget-container\">\n\t\t\t\t\t\t\t\t\t\t\t\t\t\t\t<img decoding=\"async\" width=\"360\" height=\"755\" src=\"https:\/\/viclinapack.com\/wp-content\/uploads\/2019\/03\/viclinapack-home-img1.png\" class=\"elementor-animation-grow attachment-full size-full wp-image-736\" alt=\"\" srcset=\"https:\/\/viclinapack.com\/wp-content\/uploads\/2019\/03\/viclinapack-home-img1.png 360w, https:\/\/viclinapack.com\/wp-content\/uploads\/2019\/03\/viclinapack-home-img1-143x300.png 143w\" sizes=\"100vw\" \/>\t\t\t\t\t\t\t\t\t\t\t\t\t\t\t<\/div>\n\t\t\t\t<\/div>\n\t\t\t\t\t<\/div>\n\t\t<\/div>\n\t\t\t\t<div class=\"elementor-column elementor-col-16 elementor-top-column elementor-element elementor-element-39a8d55\" data-id=\"39a8d55\" data-element_type=\"column\" data-e-type=\"column\" data-settings=\"{&quot;background_background&quot;:&quot;classic&quot;}\">\n\t\t\t<div class=\"elementor-widget-wrap elementor-element-populated\">\n\t\t\t\t\t\t<div class=\"elementor-element elementor-element-6b2677c elementor-widget elementor-widget-heading\" data-id=\"6b2677c\" data-element_type=\"widget\" data-e-type=\"widget\" data-widget_type=\"heading.default\">\n\t\t\t\t<div class=\"elementor-widget-container\">\n\t\t\t\t\t<h2 class=\"elementor-heading-title elementor-size-default\">ENVASADORES<br><i>VICPACK<\/i><\/h2>\t\t\t\t<\/div>\n\t\t\t\t<\/div>\n\t\t\t\t<div class=\"elementor-element elementor-element-05f25aa elementor-widget-divider--view-line elementor-widget elementor-widget-divider\" data-id=\"05f25aa\" data-element_type=\"widget\" data-e-type=\"widget\" data-widget_type=\"divider.default\">\n\t\t\t\t<div class=\"elementor-widget-container\">\n\t\t\t\t\t\t\t<div class=\"elementor-divider\">\n\t\t\t<span class=\"elementor-divider-separator\">\n\t\t\t\t\t\t<\/span>\n\t\t<\/div>\n\t\t\t\t\t\t<\/div>\n\t\t\t\t<\/div>\n\t\t\t\t<div class=\"elementor-element elementor-element-6295cc1 elementor-widget elementor-widget-heading\" data-id=\"6295cc1\" data-element_type=\"widget\" data-e-type=\"widget\" data-widget_type=\"heading.default\">\n\t\t\t\t<div class=\"elementor-widget-container\">\n\t\t\t\t\t<p class=\"elementor-heading-title elementor-size-default\">Permet l\u2019envasat d\u2019una \u00e0mplia varietat de productes s\u00f2lids, l\u00edquids i en pols, un sistema vers\u00e0til, econ\u00f2mic, f\u00e0cil d\u2019usar i mantenir. Est\u00e0 disponible per a compra o lloguer.<\/p>\t\t\t\t<\/div>\n\t\t\t\t<\/div>\n\t\t\t\t<div class=\"elementor-element elementor-element-319e9ca elementor-widget elementor-widget-heading\" data-id=\"319e9ca\" data-element_type=\"widget\" data-e-type=\"widget\" data-widget_type=\"heading.default\">\n\t\t\t\t<div class=\"elementor-widget-container\">\n\t\t\t\t\t<p class=\"elementor-heading-title elementor-size-default\"><a href=\"https:\/\/viclinapack.com\/ca\/envasadores-vicpack\/\">DESCOBREIX QU\u00c8 OFEREIX MS &gt;<\/a><\/p>\t\t\t\t<\/div>\n\t\t\t\t<\/div>\n\t\t\t\t\t<\/div>\n\t\t<\/div>\n\t\t\t\t<div class=\"elementor-column elementor-col-16 elementor-top-column elementor-element elementor-element-41140a2\" data-id=\"41140a2\" data-element_type=\"column\" data-e-type=\"column\" data-settings=\"{&quot;background_background&quot;:&quot;classic&quot;}\">\n\t\t\t<div class=\"elementor-widget-wrap elementor-element-populated\">\n\t\t\t\t\t\t<div class=\"elementor-element elementor-element-734cd20 elementor-invisible elementor-widget elementor-widget-image\" data-id=\"734cd20\" data-element_type=\"widget\" data-e-type=\"widget\" data-settings=\"{&quot;_animation&quot;:&quot;slideInRight&quot;}\" data-widget_type=\"image.default\">\n\t\t\t\t<div class=\"elementor-widget-container\">\n\t\t\t\t\t\t\t\t\t\t\t\t\t\t\t<img decoding=\"async\" width=\"191\" height=\"353\" src=\"https:\/\/viclinapack.com\/wp-content\/uploads\/2019\/03\/viclinapack-home-img2-ok.png\" class=\"elementor-animation-grow attachment-full size-full wp-image-740\" alt=\"\" srcset=\"https:\/\/viclinapack.com\/wp-content\/uploads\/2019\/03\/viclinapack-home-img2-ok.png 191w, https:\/\/viclinapack.com\/wp-content\/uploads\/2019\/03\/viclinapack-home-img2-ok-162x300.png 162w\" sizes=\"100vw\" \/>\t\t\t\t\t\t\t\t\t\t\t\t\t\t\t<\/div>\n\t\t\t\t<\/div>\n\t\t\t\t\t<\/div>\n\t\t<\/div>\n\t\t\t\t<div class=\"elementor-column elementor-col-16 elementor-top-column elementor-element elementor-element-1a77905\" data-id=\"1a77905\" data-element_type=\"column\" data-e-type=\"column\" data-settings=\"{&quot;background_background&quot;:&quot;classic&quot;}\">\n\t\t\t<div class=\"elementor-widget-wrap elementor-element-populated\">\n\t\t\t\t\t\t<div class=\"elementor-element elementor-element-58d95a6 elementor-widget elementor-widget-heading\" data-id=\"58d95a6\" data-element_type=\"widget\" data-e-type=\"widget\" data-widget_type=\"heading.default\">\n\t\t\t\t<div class=\"elementor-widget-container\">\n\t\t\t\t\t<h2 class=\"elementor-heading-title elementor-size-default\">LES NOSTRES<br><i>REPRESENTADES<\/i><\/h2>\t\t\t\t<\/div>\n\t\t\t\t<\/div>\n\t\t\t\t<div class=\"elementor-element elementor-element-f0eb616 elementor-widget-divider--view-line elementor-widget elementor-widget-divider\" data-id=\"f0eb616\" data-element_type=\"widget\" data-e-type=\"widget\" data-widget_type=\"divider.default\">\n\t\t\t\t<div class=\"elementor-widget-container\">\n\t\t\t\t\t\t\t<div class=\"elementor-divider\">\n\t\t\t<span class=\"elementor-divider-separator\">\n\t\t\t\t\t\t<\/span>\n\t\t<\/div>\n\t\t\t\t\t\t<\/div>\n\t\t\t\t<\/div>\n\t\t\t\t<div class=\"elementor-element elementor-element-3baa2d2 elementor-widget elementor-widget-heading\" data-id=\"3baa2d2\" data-element_type=\"widget\" data-e-type=\"widget\" data-widget_type=\"heading.default\">\n\t\t\t\t<div class=\"elementor-widget-container\">\n\t\t\t\t\t<p class=\"elementor-heading-title elementor-size-default\">Cadascuna de les nostres representades en exclusiva ofereix diferents solucions per a les seves necessitats: punxons i matrius per a m\u00e0quines de comprimir, recobridores per a comprimits i dragees, desblistadores de comprimits i c\u00e0psules, segelladores per impulsos, equips de serialitzaci\u00f3 i envasadores verticals en stick.<\/p>\t\t\t\t<\/div>\n\t\t\t\t<\/div>\n\t\t\t\t<div class=\"elementor-element elementor-element-5efd1f2 elementor-widget elementor-widget-heading\" data-id=\"5efd1f2\" data-element_type=\"widget\" data-e-type=\"widget\" data-widget_type=\"heading.default\">\n\t\t\t\t<div class=\"elementor-widget-container\">\n\t\t\t\t\t<p class=\"elementor-heading-title elementor-size-default\"><a href=\"https:\/\/viclinapack.com\/ca\/representades\/\">DESCOBREIX-LES TOTES &gt;<\/a><\/p>\t\t\t\t<\/div>\n\t\t\t\t<\/div>\n\t\t\t\t\t<\/div>\n\t\t<\/div>\n\t\t\t\t<div class=\"elementor-column elementor-col-16 elementor-top-column elementor-element elementor-element-a0c23b8\" data-id=\"a0c23b8\" data-element_type=\"column\" data-e-type=\"column\" data-settings=\"{&quot;background_background&quot;:&quot;classic&quot;}\">\n\t\t\t<div class=\"elementor-widget-wrap elementor-element-populated\">\n\t\t\t\t\t\t<div class=\"elementor-element elementor-element-8a71b4e elementor-widget elementor-widget-spacer\" data-id=\"8a71b4e\" data-element_type=\"widget\" data-e-type=\"widget\" data-widget_type=\"spacer.default\">\n\t\t\t\t<div class=\"elementor-widget-container\">\n\t\t\t\t\t\t\t<div class=\"elementor-spacer\">\n\t\t\t<div class=\"elementor-spacer-inner\"><\/div>\n\t\t<\/div>\n\t\t\t\t\t\t<\/div>\n\t\t\t\t<\/div>\n\t\t\t\t\t<\/div>\n\t\t<\/div>\n\t\t\t\t\t<\/div>\n\t\t<\/section>\n\t\t\t\t<\/div>\n\t\t","protected":false},"excerpt":{"rendered":"<p>Especialistes en solucions d\u2019envasat adaptades a la teva necessitat A Viclinapack oferim solucions integrals d\u2019envasat de sistema strip a trav\u00e9s de la nostra pr\u00f2pia marca i la representaci\u00f3 de firmes internacionals en exclusiva. QUI SOM &#8211; VICLINAPACK Viclinapack va n\u00e9ixer el 2012, despr\u00e9s de m\u00e9s de 40 anys d\u2019experi\u00e8ncia en la representaci\u00f3 i\u00a0fabricaci\u00f3 de m\u00e0quines &hellip; <\/p>\n<p class=\"link-more\"><a href=\"https:\/\/viclinapack.com\/ca\/sobre\/\" class=\"more-link\">Continua llegint <span class=\"screen-reader-text\">\u00abSobre\u00bb<\/span><\/a><\/p>\n","protected":false},"author":1,"featured_media":0,"parent":0,"menu_order":0,"comment_status":"closed","ping_status":"closed","template":"elementor_header_footer","meta":{"_seopress_robots_primary_cat":"","_seopress_titles_title":"","_seopress_titles_desc":"","_seopress_robots_index":"","footnotes":""},"class_list":["post-720","page","type-page","status-publish","hentry"],"_links":{"self":[{"href":"https:\/\/viclinapack.com\/ca\/wp-json\/wp\/v2\/pages\/720","targetHints":{"allow":["GET"]}}],"collection":[{"href":"https:\/\/viclinapack.com\/ca\/wp-json\/wp\/v2\/pages"}],"about":[{"href":"https:\/\/viclinapack.com\/ca\/wp-json\/wp\/v2\/types\/page"}],"author":[{"embeddable":true,"href":"https:\/\/viclinapack.com\/ca\/wp-json\/wp\/v2\/users\/1"}],"replies":[{"embeddable":true,"href":"https:\/\/viclinapack.com\/ca\/wp-json\/wp\/v2\/comments?post=720"}],"version-history":[{"count":7,"href":"https:\/\/viclinapack.com\/ca\/wp-json\/wp\/v2\/pages\/720\/revisions"}],"predecessor-version":[{"id":767,"href":"https:\/\/viclinapack.com\/ca\/wp-json\/wp\/v2\/pages\/720\/revisions\/767"}],"wp:attachment":[{"href":"https:\/\/viclinapack.com\/ca\/wp-json\/wp\/v2\/media?parent=720"}],"curies":[{"name":"wp","href":"https:\/\/api.w.org\/{rel}","templated":true}]}}