{"id":724,"date":"2019-10-08T15:11:07","date_gmt":"2019-10-08T15:11:07","guid":{"rendered":"https:\/\/viclinapack.com\/envasadores-vicpack\/"},"modified":"2019-10-17T10:45:38","modified_gmt":"2019-10-17T10:45:38","slug":"envasadores-vicpack","status":"publish","type":"page","link":"https:\/\/viclinapack.com\/ca\/envasadores-vicpack\/","title":{"rendered":"Envasadores Vicpack"},"content":{"rendered":"\t\t<div data-elementor-type=\"wp-post\" data-elementor-id=\"724\" class=\"elementor elementor-724 elementor-145\" data-elementor-post-type=\"page\">\n\t\t\t\t\t\t<section class=\"elementor-section elementor-top-section elementor-element elementor-element-b599b98 elementor-section-content-middle elementor-reverse-mobile elementor-section-boxed elementor-section-height-default elementor-section-height-default\" data-id=\"b599b98\" data-element_type=\"section\" data-e-type=\"section\" data-settings=\"{&quot;background_background&quot;:&quot;classic&quot;}\">\n\t\t\t\t\t\t<div class=\"elementor-container elementor-column-gap-no\">\n\t\t\t\t\t<div class=\"elementor-column elementor-col-50 elementor-top-column elementor-element elementor-element-a16bf58 elementor-invisible\" data-id=\"a16bf58\" data-element_type=\"column\" data-e-type=\"column\" data-settings=\"{&quot;animation&quot;:&quot;fadeInLeft&quot;}\">\n\t\t\t<div class=\"elementor-widget-wrap elementor-element-populated\">\n\t\t\t\t\t\t<div class=\"elementor-element elementor-element-224cce8 elementor-widget elementor-widget-image\" data-id=\"224cce8\" data-element_type=\"widget\" data-e-type=\"widget\" data-widget_type=\"image.default\">\n\t\t\t\t<div class=\"elementor-widget-container\">\n\t\t\t\t\t\t\t\t\t\t\t\t\t\t\t<img fetchpriority=\"high\" decoding=\"async\" width=\"545\" height=\"910\" src=\"https:\/\/viclinapack.com\/wp-content\/uploads\/2019\/03\/viclinapack-home-img3.png\" class=\"attachment-full size-full wp-image-738\" alt=\"\" srcset=\"https:\/\/viclinapack.com\/wp-content\/uploads\/2019\/03\/viclinapack-home-img3.png 545w, https:\/\/viclinapack.com\/wp-content\/uploads\/2019\/03\/viclinapack-home-img3-180x300.png 180w\" sizes=\"100vw\" \/>\t\t\t\t\t\t\t\t\t\t\t\t\t\t\t<\/div>\n\t\t\t\t<\/div>\n\t\t\t\t\t<\/div>\n\t\t<\/div>\n\t\t\t\t<div class=\"elementor-column elementor-col-50 elementor-top-column elementor-element elementor-element-d10bcef animated-slow elementor-invisible\" data-id=\"d10bcef\" data-element_type=\"column\" data-e-type=\"column\" data-settings=\"{&quot;animation&quot;:&quot;fadeIn&quot;}\">\n\t\t\t<div class=\"elementor-widget-wrap elementor-element-populated\">\n\t\t\t\t\t\t<div class=\"elementor-element elementor-element-39a5f01 elementor-widget elementor-widget-heading\" data-id=\"39a5f01\" data-element_type=\"widget\" data-e-type=\"widget\" data-widget_type=\"heading.default\">\n\t\t\t\t<div class=\"elementor-widget-container\">\n\t\t\t\t\t<h1 class=\"elementor-heading-title elementor-size-default\">Envasadores Vicpack: vers\u00e0tils, econ\u00f2miques, f\u00e0cils d\u2019usar i mantenir<\/h1>\t\t\t\t<\/div>\n\t\t\t\t<\/div>\n\t\t\t\t<div class=\"elementor-element elementor-element-ec683b1 elementor-widget elementor-widget-heading\" data-id=\"ec683b1\" data-element_type=\"widget\" data-e-type=\"widget\" data-widget_type=\"heading.default\">\n\t\t\t\t<div class=\"elementor-widget-container\">\n\t\t\t\t\t<h2 class=\"elementor-heading-title elementor-size-default\">3 EN 1: LES M\u00c0QUINES VICPACK PERMETEN L\u2019ENVASAT D\u2019UNA \u00c0MPLIA VARIETAT DE PRODUCTES S\u00d2LIDS, L\u00cdQUIDS I EN POLS.<\/h2>\t\t\t\t<\/div>\n\t\t\t\t<\/div>\n\t\t\t\t<div class=\"elementor-element elementor-element-7f5a06f elementor-align-left elementor-tablet-align-center elementor-widget elementor-widget-button\" data-id=\"7f5a06f\" data-element_type=\"widget\" data-e-type=\"widget\" data-widget_type=\"button.default\">\n\t\t\t\t<div class=\"elementor-widget-container\">\n\t\t\t\t\t\t\t\t\t<div class=\"elementor-button-wrapper\">\n\t\t\t\t\t<a class=\"elementor-button elementor-button-link elementor-size-sm elementor-animation-grow\" href=\"https:\/\/viclinapack.com\/ca\/solicitar-cataleg\/\">\n\t\t\t\t\t\t<span class=\"elementor-button-content-wrapper\">\n\t\t\t\t\t\t\t\t\t<span class=\"elementor-button-text\">SOL\u00b7LICITA EL NOSTRE CAT\u00c0LEG<\/span>\n\t\t\t\t\t<\/span>\n\t\t\t\t\t<\/a>\n\t\t\t\t<\/div>\n\t\t\t\t\t\t\t\t<\/div>\n\t\t\t\t<\/div>\n\t\t\t\t\t<\/div>\n\t\t<\/div>\n\t\t\t\t\t<\/div>\n\t\t<\/section>\n\t\t\t\t<section class=\"elementor-section elementor-top-section elementor-element elementor-element-4d14953 elementor-section-boxed elementor-section-height-default elementor-section-height-default\" data-id=\"4d14953\" data-element_type=\"section\" data-e-type=\"section\">\n\t\t\t\t\t\t<div class=\"elementor-container elementor-column-gap-default\">\n\t\t\t\t\t<div class=\"elementor-column elementor-col-100 elementor-top-column elementor-element elementor-element-cc8ce97\" data-id=\"cc8ce97\" data-element_type=\"column\" data-e-type=\"column\">\n\t\t\t<div class=\"elementor-widget-wrap elementor-element-populated\">\n\t\t\t\t\t\t<div class=\"elementor-element elementor-element-ec74a41 elementor-widget elementor-widget-heading\" data-id=\"ec74a41\" data-element_type=\"widget\" data-e-type=\"widget\" data-widget_type=\"heading.default\">\n\t\t\t\t<div class=\"elementor-widget-container\">\n\t\t\t\t\t<h4 class=\"elementor-heading-title elementor-size-default\">SISTEMA D\u2019ENVASAT VERS\u00c0TIL<\/h4>\t\t\t\t<\/div>\n\t\t\t\t<\/div>\n\t\t\t\t<div class=\"elementor-element elementor-element-7acee13 elementor-widget elementor-widget-text-editor\" data-id=\"7acee13\" data-element_type=\"widget\" data-e-type=\"widget\" data-widget_type=\"text-editor.default\">\n\t\t\t\t<div class=\"elementor-widget-container\">\n\t\t\t\t\t\t\t\t\t<p>La\u00a0<span style=\"color: #0064a7;\"><strong>varietat de dosificadors<\/strong> <\/span>que poden afegir-se a la m\u00e0quina d\u2019envasat la fan <span style=\"color: #0064a7;\"><em>vers\u00e0til<\/em><\/span> i\u00a0<span style=\"color: #0064a7;\"><em>adaptable<\/em><\/span> a les necessitats de cada client.<\/p>\n\t\t\t\t\t\t\t\t<\/div>\n\t\t\t\t<\/div>\n\t\t\t\t\t<\/div>\n\t\t<\/div>\n\t\t\t\t\t<\/div>\n\t\t<\/section>\n\t\t\t\t<section class=\"elementor-section elementor-top-section elementor-element elementor-element-17b2b46 elementor-section-boxed elementor-section-height-default elementor-section-height-default\" data-id=\"17b2b46\" data-element_type=\"section\" data-e-type=\"section\">\n\t\t\t\t\t\t<div class=\"elementor-container elementor-column-gap-wider\">\n\t\t\t\t\t<div class=\"elementor-column elementor-col-100 elementor-top-column elementor-element elementor-element-00c1a89\" data-id=\"00c1a89\" data-element_type=\"column\" data-e-type=\"column\">\n\t\t\t<div class=\"elementor-widget-wrap elementor-element-populated\">\n\t\t\t\t\t\t<div class=\"elementor-element elementor-element-4b004ec elementor-widget elementor-widget-text-editor\" data-id=\"4b004ec\" data-element_type=\"widget\" data-e-type=\"widget\" data-widget_type=\"text-editor.default\">\n\t\t\t\t<div class=\"elementor-widget-container\">\n\t\t\t\t\t\t\t\t\t<p>El disc rev\u00f2lver, la cinta transportadora i la tolva vibrat\u00f2ria faciliten l\u2019envasat de <b>s\u00f2lids<\/b>. Per a <b>l\u00edquids, gels i cremes<\/b> oferim el dosificador pneum\u00e0tic o mec\u00e0nic i la bomba perist\u00e0ltica. Mentre que el volum\u00e8tric per vas regulable o per vis sense fi fan possible l\u2019envasat de\u00a0<b>pols i granulats<\/b>.<\/p><p>La nostra m\u00e0quina \u00e9s especialment adequada per a s\u00e8ries curtes i produccions petites dels sectors farmac\u00e8utic, cosm\u00e8tic, promocional, qu\u00edmic, alimentari, entre d\u2019altres.<\/p><p>L\u2019envasadora Vicpack s\u2019adapta a qualsevol <b>material termosoldable<\/b> i a les necessitats de cada client, amb la possibilitat de personalitzar la maquin\u00e0ria.<\/p><p>Una mateixa envasadora permet l&#8217;<b>envasat d&#8217;una gran varietat de productes<\/b>, de manera que nom\u00e9s cal canviar els formats i\/o alimentadors. C\u00e0psules, comprimits, supositoris, preservatius, pols granulats, cremes, l\u00edquids, agulles, bastonets, culleres, tovalloletes humides, caramels i cromos s\u00f3n nom\u00e9s alguns exemples de les \u00e0mplies capacitats de la nostra m\u00e0quina.<\/p>\t\t\t\t\t\t\t\t<\/div>\n\t\t\t\t<\/div>\n\t\t\t\t\t<\/div>\n\t\t<\/div>\n\t\t\t\t\t<\/div>\n\t\t<\/section>\n\t\t\t\t<section class=\"elementor-section elementor-top-section elementor-element elementor-element-ff499ae elementor-section-boxed elementor-section-height-default elementor-section-height-default\" data-id=\"ff499ae\" data-element_type=\"section\" data-e-type=\"section\">\n\t\t\t\t\t\t<div class=\"elementor-container elementor-column-gap-default\">\n\t\t\t\t\t<div class=\"elementor-column elementor-col-100 elementor-top-column elementor-element elementor-element-534286f\" data-id=\"534286f\" data-element_type=\"column\" data-e-type=\"column\">\n\t\t\t<div class=\"elementor-widget-wrap elementor-element-populated\">\n\t\t\t\t\t\t<div class=\"elementor-element elementor-element-1630d37 elementor-widget-divider--view-line elementor-widget elementor-widget-divider\" data-id=\"1630d37\" data-element_type=\"widget\" data-e-type=\"widget\" data-widget_type=\"divider.default\">\n\t\t\t\t<div class=\"elementor-widget-container\">\n\t\t\t\t\t\t\t<div class=\"elementor-divider\">\n\t\t\t<span class=\"elementor-divider-separator\">\n\t\t\t\t\t\t<\/span>\n\t\t<\/div>\n\t\t\t\t\t\t<\/div>\n\t\t\t\t<\/div>\n\t\t\t\t\t<\/div>\n\t\t<\/div>\n\t\t\t\t\t<\/div>\n\t\t<\/section>\n\t\t\t\t<section class=\"elementor-section elementor-top-section elementor-element elementor-element-60ba655 elementor-section-content-middle elementor-reverse-tablet elementor-reverse-mobile elementor-section-boxed elementor-section-height-default elementor-section-height-default\" data-id=\"60ba655\" data-element_type=\"section\" data-e-type=\"section\">\n\t\t\t\t\t\t<div class=\"elementor-container elementor-column-gap-wider\">\n\t\t\t\t\t<div class=\"elementor-column elementor-col-50 elementor-top-column elementor-element elementor-element-6711e76\" data-id=\"6711e76\" data-element_type=\"column\" data-e-type=\"column\">\n\t\t\t<div class=\"elementor-widget-wrap elementor-element-populated\">\n\t\t\t\t\t\t<div class=\"elementor-element elementor-element-baade93 elementor-widget elementor-widget-heading\" data-id=\"baade93\" data-element_type=\"widget\" data-e-type=\"widget\" data-widget_type=\"heading.default\">\n\t\t\t\t<div class=\"elementor-widget-container\">\n\t\t\t\t\t<h4 class=\"elementor-heading-title elementor-size-default\">ECON\u00d2MICA, F\u00c0CIL D\u2019USAR I MANTENIR<\/h4>\t\t\t\t<\/div>\n\t\t\t\t<\/div>\n\t\t\t\t<div class=\"elementor-element elementor-element-23beb6a elementor-widget elementor-widget-text-editor\" data-id=\"23beb6a\" data-element_type=\"widget\" data-e-type=\"widget\" data-widget_type=\"text-editor.default\">\n\t\t\t\t<div class=\"elementor-widget-container\">\n\t\t\t\t\t\t\t\t\t<p>Les<span style=\"color: #0064a7;\"><strong> envasadores Vicpack<\/strong><\/span> estan disponibles per a <span style=\"color: #0064a7;\"><em>compra<\/em><\/span> o\u00a0<span style=\"color: #0064a7;\"><em>lloguer<\/em><\/span>, a un preu molt competitiu i amb <em><span style=\"color: #0064a7;\">servei integral<\/span><\/em>.<\/p>\n\t\t\t\t\t\t\t\t<\/div>\n\t\t\t\t<\/div>\n\t\t\t\t<div class=\"elementor-element elementor-element-c2dbe05 elementor-widget elementor-widget-text-editor\" data-id=\"c2dbe05\" data-element_type=\"widget\" data-e-type=\"widget\" data-widget_type=\"text-editor.default\">\n\t\t\t\t<div class=\"elementor-widget-container\">\n\t\t\t\t\t\t\t\t\t<p>En aquest sentit, les nostres envasadores esdevenen la<b> soluci\u00f3 id\u00f2nia i econ\u00f2mica<\/b> per a aquelles empreses que tenen una necessitat concreta en un moment puntual i requereixen de tirades curtes.<\/p>\n<p>Per facilitar l\u2019\u00fas i manteniment de les nostres envasadores <strong>oferim un servei integral<\/strong><b>\u00a0<\/b>que inclou, a m\u00e9s de la venda o lloguer de la maquin\u00e0ria d\u2019envasat, la seva posada en marxa, aix\u00ed com el servei t\u00e8cnic i manteniment posteriors.<\/p>\n\t\t\t\t\t\t\t\t<\/div>\n\t\t\t\t<\/div>\n\t\t\t\t<div class=\"elementor-element elementor-element-0b25045 elementor-align-left elementor-mobile-align-center elementor-widget elementor-widget-button\" data-id=\"0b25045\" data-element_type=\"widget\" data-e-type=\"widget\" data-widget_type=\"button.default\">\n\t\t\t\t<div class=\"elementor-widget-container\">\n\t\t\t\t\t\t\t\t\t<div class=\"elementor-button-wrapper\">\n\t\t\t\t\t<a class=\"elementor-button elementor-button-link elementor-size-sm elementor-animation-grow\" href=\"https:\/\/viclinapack.com\/ca\/solicitar-cataleg\/\">\n\t\t\t\t\t\t<span class=\"elementor-button-content-wrapper\">\n\t\t\t\t\t\t\t\t\t<span class=\"elementor-button-text\">SOL\u00b7LICITA EL NOSTRE CAT\u00c0LEG<\/span>\n\t\t\t\t\t<\/span>\n\t\t\t\t\t<\/a>\n\t\t\t\t<\/div>\n\t\t\t\t\t\t\t\t<\/div>\n\t\t\t\t<\/div>\n\t\t\t\t\t<\/div>\n\t\t<\/div>\n\t\t\t\t<div class=\"elementor-column elementor-col-50 elementor-top-column elementor-element elementor-element-a89773b elementor-invisible\" data-id=\"a89773b\" data-element_type=\"column\" data-e-type=\"column\" data-settings=\"{&quot;animation&quot;:&quot;fadeInRight&quot;}\">\n\t\t\t<div class=\"elementor-widget-wrap elementor-element-populated\">\n\t\t\t\t\t\t<div class=\"elementor-element elementor-element-38446fe elementor-widget elementor-widget-image\" data-id=\"38446fe\" data-element_type=\"widget\" data-e-type=\"widget\" data-widget_type=\"image.default\">\n\t\t\t\t<div class=\"elementor-widget-container\">\n\t\t\t\t\t\t\t\t\t\t\t\t\t\t\t<img decoding=\"async\" width=\"525\" height=\"490\" src=\"https:\/\/viclinapack.com\/wp-content\/uploads\/2019\/03\/SistemaMS-img2.jpg\" class=\"attachment-large size-large wp-image-726\" alt=\"\" srcset=\"https:\/\/viclinapack.com\/wp-content\/uploads\/2019\/03\/SistemaMS-img2.jpg 817w, https:\/\/viclinapack.com\/wp-content\/uploads\/2019\/03\/SistemaMS-img2-300x280.jpg 300w, https:\/\/viclinapack.com\/wp-content\/uploads\/2019\/03\/SistemaMS-img2-768x717.jpg 768w\" sizes=\"100vw\" \/>\t\t\t\t\t\t\t\t\t\t\t\t\t\t\t<\/div>\n\t\t\t\t<\/div>\n\t\t\t\t\t<\/div>\n\t\t<\/div>\n\t\t\t\t\t<\/div>\n\t\t<\/section>\n\t\t\t\t<section class=\"elementor-section elementor-top-section elementor-element elementor-element-0932ad7 elementor-section-content-middle elementor-section-boxed elementor-section-height-default elementor-section-height-default\" data-id=\"0932ad7\" data-element_type=\"section\" data-e-type=\"section\" data-settings=\"{&quot;background_background&quot;:&quot;classic&quot;}\">\n\t\t\t\t\t\t<div class=\"elementor-container elementor-column-gap-wider\">\n\t\t\t\t\t<div class=\"elementor-column elementor-col-50 elementor-top-column elementor-element elementor-element-82bdf05 animated-slow elementor-invisible\" data-id=\"82bdf05\" data-element_type=\"column\" data-e-type=\"column\" data-settings=\"{&quot;animation&quot;:&quot;fadeInLeft&quot;}\">\n\t\t\t<div class=\"elementor-widget-wrap elementor-element-populated\">\n\t\t\t\t\t\t<div class=\"elementor-element elementor-element-3c9a267 elementor-widget elementor-widget-image\" data-id=\"3c9a267\" data-element_type=\"widget\" data-e-type=\"widget\" data-widget_type=\"image.default\">\n\t\t\t\t<div class=\"elementor-widget-container\">\n\t\t\t\t\t\t\t\t\t\t\t\t\t\t\t<img decoding=\"async\" width=\"525\" height=\"539\" src=\"https:\/\/viclinapack.com\/wp-content\/uploads\/2019\/03\/viclinapack-envasadoras.png\" class=\"attachment-large size-large wp-image-727\" alt=\"\" srcset=\"https:\/\/viclinapack.com\/wp-content\/uploads\/2019\/03\/viclinapack-envasadoras.png 788w, https:\/\/viclinapack.com\/wp-content\/uploads\/2019\/03\/viclinapack-envasadoras-292x300.png 292w, https:\/\/viclinapack.com\/wp-content\/uploads\/2019\/03\/viclinapack-envasadoras-768x788.png 768w\" sizes=\"100vw\" \/>\t\t\t\t\t\t\t\t\t\t\t\t\t\t\t<\/div>\n\t\t\t\t<\/div>\n\t\t\t\t\t<\/div>\n\t\t<\/div>\n\t\t\t\t<div class=\"elementor-column elementor-col-50 elementor-top-column elementor-element elementor-element-0885356\" data-id=\"0885356\" data-element_type=\"column\" data-e-type=\"column\">\n\t\t\t<div class=\"elementor-widget-wrap elementor-element-populated\">\n\t\t\t\t\t\t<div class=\"elementor-element elementor-element-e8ebe32 elementor-widget elementor-widget-text-editor\" data-id=\"e8ebe32\" data-element_type=\"widget\" data-e-type=\"widget\" data-widget_type=\"text-editor.default\">\n\t\t\t\t<div class=\"elementor-widget-container\">\n\t\t\t\t\t\t\t\t\t<p>Descobreix totes les <span style=\"color: #0064a7;\"><strong>dades t\u00e8cniques<\/strong><\/span> de les nostres envasadores Vicpack<\/p>\n\t\t\t\t\t\t\t\t<\/div>\n\t\t\t\t<\/div>\n\t\t\t\t<div class=\"elementor-element elementor-element-766b7dc elementor-widget elementor-widget-text-editor\" data-id=\"766b7dc\" data-element_type=\"widget\" data-e-type=\"widget\" data-widget_type=\"text-editor.default\">\n\t\t\t\t<div class=\"elementor-widget-container\">\n\t\t\t\t\t\t\t\t\t<p>A m\u00e9s, si tens qualsevol dubte pots <b><a href=\"https:\/\/viclinapack.com\/ca\/contacte\/\"><strong><a href=\"https:\/\/viclinapack.com\/ca\/contacte\/\">posar-te en contacte amb nosaltres<\/a><\/strong><\/a><\/b> i et respondrem el m\u00e9s aviat possible.<\/p>\n\t\t\t\t\t\t\t\t<\/div>\n\t\t\t\t<\/div>\n\t\t\t\t<div class=\"elementor-element elementor-element-80e05ad elementor-tabs-view-vertical animated-slow elementor-invisible elementor-widget elementor-widget-tabs\" data-id=\"80e05ad\" data-element_type=\"widget\" data-e-type=\"widget\" data-settings=\"{&quot;_animation&quot;:&quot;fadeIn&quot;}\" data-widget_type=\"tabs.default\">\n\t\t\t\t<div class=\"elementor-widget-container\">\n\t\t\t\t\t\t\t<div class=\"elementor-tabs\">\n\t\t\t<div class=\"elementor-tabs-wrapper\" role=\"tablist\" >\n\t\t\t\t\t\t\t\t\t<div id=\"elementor-tab-title-1351\" class=\"elementor-tab-title elementor-tab-desktop-title\" aria-selected=\"true\" data-tab=\"1\" role=\"tab\" tabindex=\"0\" aria-controls=\"elementor-tab-content-1351\" aria-expanded=\"false\">Dades t\u00e8cniques <\/div>\n\t\t\t\t\t\t\t\t\t<div id=\"elementor-tab-title-1352\" class=\"elementor-tab-title elementor-tab-desktop-title\" aria-selected=\"false\" data-tab=\"2\" role=\"tab\" tabindex=\"-1\" aria-controls=\"elementor-tab-content-1352\" aria-expanded=\"false\">Elements<\/div>\n\t\t\t\t\t\t\t\t\t<div id=\"elementor-tab-title-1353\" class=\"elementor-tab-title elementor-tab-desktop-title\" aria-selected=\"false\" data-tab=\"3\" role=\"tab\" tabindex=\"-1\" aria-controls=\"elementor-tab-content-1353\" aria-expanded=\"false\">Equips opcionals<\/div>\n\t\t\t\t\t\t\t<\/div>\n\t\t\t<div class=\"elementor-tabs-content-wrapper\" role=\"tablist\" aria-orientation=\"vertical\">\n\t\t\t\t\t\t\t\t\t<div class=\"elementor-tab-title elementor-tab-mobile-title\" aria-selected=\"true\" data-tab=\"1\" role=\"tab\" tabindex=\"0\" aria-controls=\"elementor-tab-content-1351\" aria-expanded=\"false\">Dades t\u00e8cniques <\/div>\n\t\t\t\t\t<div id=\"elementor-tab-content-1351\" class=\"elementor-tab-content elementor-clearfix\" data-tab=\"1\" role=\"tabpanel\" aria-labelledby=\"elementor-tab-title-1351\" tabindex=\"0\" hidden=\"false\"><ul>\n<li><strong>Mides Modelo MC:<\/strong> Al\u00e7ada 110 cm \/ amplada 100 cm \/ profunditat 55 cm (aproximades segons equipament)<\/li>\n<li><strong>Mides Modelo MS:<\/strong> Al\u00e7ada 130 cm \/ amplada 70 cm \/ profunditat 60 <span style=\"letter-spacing: 0.8px;\">cm\u00a0<\/span><span style=\"letter-spacing: 0.8px;\">(aproximades segons equipament)<\/span><\/li>\n<li><strong>Dimensions dels sobres: <\/strong><span style=\"font-size: 1rem;\">MS<\/span><sub>15<\/sub><span style=\"font-size: 1rem;\">\/MS<\/span><sub>35<\/sub><span style=\"font-size: 1rem;\">: 90&#215;90 mm. MS<\/span><sub>20<\/sub><span style=\"font-size: 1rem;\">\/MS<\/span><sub>40<\/sub><span style=\"font-size: 1rem;\">: 120&#215;120 mm. MS<\/span><sub>20<\/sub><span style=\"font-size: 1rem;\">L\/MS<\/span><sub>40<\/sub><span style=\"font-size: 1rem;\">L: 200&#215;120 mm.<\/span><\/li>\n<\/ul>\n<\/div>\n\t\t\t\t\t\t\t\t\t<div class=\"elementor-tab-title elementor-tab-mobile-title\" aria-selected=\"false\" data-tab=\"2\" role=\"tab\" tabindex=\"-1\" aria-controls=\"elementor-tab-content-1352\" aria-expanded=\"false\">Elements<\/div>\n\t\t\t\t\t<div id=\"elementor-tab-content-1352\" class=\"elementor-tab-content elementor-clearfix\" data-tab=\"2\" role=\"tabpanel\" aria-labelledby=\"elementor-tab-title-1352\" tabindex=\"0\" hidden=\"hidden\"><ul>\n<li>Regulador de\u00a0<strong>temperatura<\/strong> amb sonda de control.<\/li>\n<li>Variador de\u00a0<strong>velocitat<\/strong>.<\/li>\n<li><strong>Comptador parcial<\/strong> amb aturada de m\u00e0quina.<\/li>\n<li><strong>Unitat de tall<\/strong>\u00a0programable.<\/li>\n<\/ul>\n<\/div>\n\t\t\t\t\t\t\t\t\t<div class=\"elementor-tab-title elementor-tab-mobile-title\" aria-selected=\"false\" data-tab=\"3\" role=\"tab\" tabindex=\"-1\" aria-controls=\"elementor-tab-content-1353\" aria-expanded=\"false\">Equips opcionals<\/div>\n\t\t\t\t\t<div id=\"elementor-tab-content-1353\" class=\"elementor-tab-content elementor-clearfix\" data-tab=\"3\" role=\"tabpanel\" aria-labelledby=\"elementor-tab-title-1353\" tabindex=\"0\" hidden=\"hidden\"><ul>\n<li>Sistema <strong>obre-f\u00e0cil<\/strong> per pretall o trepanat.<\/li>\n<li><strong>C\u00e8l\u00b7lula fotoel\u00e8ctrica<\/strong> per centrar una o dues cares del sobre.<\/li>\n<li>Termo-impressor <strong>Hot Stamp<\/strong> per a refer\u00e8ncies de lot i caducitat.<\/li>\n<li><strong>Desviador autom\u00e0tic<\/strong>\u00a0amb selector de caixes.<\/li>\n<li>Sensor de manca de producte, sobres buits i\/o final de bobina.<\/li>\n<\/ul>\n<\/div>\n\t\t\t\t\t\t\t<\/div>\n\t\t<\/div>\n\t\t\t\t\t\t<\/div>\n\t\t\t\t<\/div>\n\t\t\t\t\t<\/div>\n\t\t<\/div>\n\t\t\t\t\t<\/div>\n\t\t<\/section>\n\t\t\t\t<\/div>\n\t\t","protected":false},"excerpt":{"rendered":"<p>Envasadores Vicpack: vers\u00e0tils, econ\u00f2miques, f\u00e0cils d\u2019usar i mantenir 3 EN 1: LES M\u00c0QUINES VICPACK PERMETEN L\u2019ENVASAT D\u2019UNA \u00c0MPLIA VARIETAT DE PRODUCTES S\u00d2LIDS, L\u00cdQUIDS I EN POLS. SOL\u00b7LICITA EL NOSTRE CAT\u00c0LEG SISTEMA D\u2019ENVASAT VERS\u00c0TIL La\u00a0varietat de dosificadors que poden afegir-se a la m\u00e0quina d\u2019envasat la fan vers\u00e0til i\u00a0adaptable a les necessitats de cada client. El disc &hellip; <\/p>\n<p class=\"link-more\"><a href=\"https:\/\/viclinapack.com\/ca\/envasadores-vicpack\/\" class=\"more-link\">Continua llegint <span class=\"screen-reader-text\">\u00abEnvasadores Vicpack\u00bb<\/span><\/a><\/p>\n","protected":false},"author":1,"featured_media":0,"parent":0,"menu_order":0,"comment_status":"closed","ping_status":"closed","template":"elementor_header_footer","meta":{"_seopress_robots_primary_cat":"","_seopress_titles_title":"","_seopress_titles_desc":"","_seopress_robots_index":"","footnotes":""},"class_list":["post-724","page","type-page","status-publish","hentry"],"_links":{"self":[{"href":"https:\/\/viclinapack.com\/ca\/wp-json\/wp\/v2\/pages\/724","targetHints":{"allow":["GET"]}}],"collection":[{"href":"https:\/\/viclinapack.com\/ca\/wp-json\/wp\/v2\/pages"}],"about":[{"href":"https:\/\/viclinapack.com\/ca\/wp-json\/wp\/v2\/types\/page"}],"author":[{"embeddable":true,"href":"https:\/\/viclinapack.com\/ca\/wp-json\/wp\/v2\/users\/1"}],"replies":[{"embeddable":true,"href":"https:\/\/viclinapack.com\/ca\/wp-json\/wp\/v2\/comments?post=724"}],"version-history":[{"count":5,"href":"https:\/\/viclinapack.com\/ca\/wp-json\/wp\/v2\/pages\/724\/revisions"}],"predecessor-version":[{"id":794,"href":"https:\/\/viclinapack.com\/ca\/wp-json\/wp\/v2\/pages\/724\/revisions\/794"}],"wp:attachment":[{"href":"https:\/\/viclinapack.com\/ca\/wp-json\/wp\/v2\/media?parent=724"}],"curies":[{"name":"wp","href":"https:\/\/api.w.org\/{rel}","templated":true}]}}