{"id":730,"date":"2019-10-08T15:20:55","date_gmt":"2019-10-08T15:20:55","guid":{"rendered":"https:\/\/viclinapack.com\/benvingut-a-viclinapack\/"},"modified":"2026-03-05T09:36:51","modified_gmt":"2026-03-05T09:36:51","slug":"benvingut-a-viclinapack","status":"publish","type":"page","link":"https:\/\/viclinapack.com\/ca\/","title":{"rendered":"Benvingut a Viclinapack"},"content":{"rendered":"\t\t<div data-elementor-type=\"wp-post\" data-elementor-id=\"730\" class=\"elementor elementor-730 elementor-37\" data-elementor-post-type=\"page\">\n\t\t\t\t\t\t<main class=\"elementor-section elementor-top-section elementor-element elementor-element-1c197be elementor-section-stretched elementor-section-boxed elementor-section-height-default elementor-section-height-default\" data-id=\"1c197be\" data-element_type=\"section\" data-e-type=\"section\" data-settings=\"{&quot;stretch_section&quot;:&quot;section-stretched&quot;,&quot;background_background&quot;:&quot;classic&quot;}\">\n\t\t\t\t\t\t\t<div class=\"elementor-background-overlay\"><\/div>\n\t\t\t\t\t\t\t<div class=\"elementor-container elementor-column-gap-default\">\n\t\t\t\t\t<div class=\"elementor-column elementor-col-100 elementor-top-column elementor-element elementor-element-9c6f51f animated-slow elementor-invisible\" data-id=\"9c6f51f\" data-element_type=\"column\" data-e-type=\"column\" data-settings=\"{&quot;animation&quot;:&quot;fadeIn&quot;}\">\n\t\t\t<div class=\"elementor-widget-wrap elementor-element-populated\">\n\t\t\t\t\t\t<div class=\"elementor-element elementor-element-ef50abd elementor-widget elementor-widget-heading\" data-id=\"ef50abd\" data-element_type=\"widget\" data-e-type=\"widget\" data-widget_type=\"heading.default\">\n\t\t\t\t<div class=\"elementor-widget-container\">\n\t\t\t\t\t<h1 class=\"elementor-heading-title elementor-size-default\">A Viclinapack oferim solucions integrals d'envasament de sistema strip a trav\u00e9s de la nostra marca pr\u00f2pia i la representaci\u00f3 de firmes internacionals en exclusiva.<\/h1>\t\t\t\t<\/div>\n\t\t\t\t<\/div>\n\t\t\t\t\t<\/div>\n\t\t<\/div>\n\t\t\t\t\t<\/div>\n\t\t<\/main>\n\t\t\t\t<section class=\"elementor-section elementor-top-section elementor-element elementor-element-fddc717 elementor-section-stretched elementor-section-full_width elementor-section-height-default elementor-section-height-default\" data-id=\"fddc717\" data-element_type=\"section\" data-e-type=\"section\" data-settings=\"{&quot;stretch_section&quot;:&quot;section-stretched&quot;}\">\n\t\t\t\t\t\t<div class=\"elementor-container elementor-column-gap-default\">\n\t\t\t\t\t<div class=\"elementor-column elementor-col-16 elementor-top-column elementor-element elementor-element-ffe2862\" data-id=\"ffe2862\" data-element_type=\"column\" data-e-type=\"column\" data-settings=\"{&quot;background_background&quot;:&quot;classic&quot;}\">\n\t\t\t<div class=\"elementor-widget-wrap elementor-element-populated\">\n\t\t\t\t\t\t<div class=\"elementor-element elementor-element-9df8ac4 elementor-widget elementor-widget-spacer\" data-id=\"9df8ac4\" data-element_type=\"widget\" data-e-type=\"widget\" data-widget_type=\"spacer.default\">\n\t\t\t\t<div class=\"elementor-widget-container\">\n\t\t\t\t\t\t\t<div class=\"elementor-spacer\">\n\t\t\t<div class=\"elementor-spacer-inner\"><\/div>\n\t\t<\/div>\n\t\t\t\t\t\t<\/div>\n\t\t\t\t<\/div>\n\t\t\t\t\t<\/div>\n\t\t<\/div>\n\t\t\t\t<div class=\"elementor-column elementor-col-16 elementor-top-column elementor-element elementor-element-1c4be6a\" data-id=\"1c4be6a\" data-element_type=\"column\" data-e-type=\"column\" data-settings=\"{&quot;background_background&quot;:&quot;classic&quot;}\">\n\t\t\t<div class=\"elementor-widget-wrap elementor-element-populated\">\n\t\t\t\t\t\t<div class=\"elementor-element elementor-element-6d14280 elementor-invisible elementor-widget elementor-widget-image\" data-id=\"6d14280\" data-element_type=\"widget\" data-e-type=\"widget\" data-settings=\"{&quot;_animation&quot;:&quot;slideInLeft&quot;}\" data-widget_type=\"image.default\">\n\t\t\t\t<div class=\"elementor-widget-container\">\n\t\t\t\t\t\t\t\t\t\t\t\t\t\t\t<img fetchpriority=\"high\" decoding=\"async\" width=\"360\" height=\"755\" src=\"https:\/\/viclinapack.com\/wp-content\/uploads\/2019\/03\/viclinapack-home-img1.png\" class=\"elementor-animation-grow attachment-full size-full wp-image-736\" alt=\"\" srcset=\"https:\/\/viclinapack.com\/wp-content\/uploads\/2019\/03\/viclinapack-home-img1.png 360w, https:\/\/viclinapack.com\/wp-content\/uploads\/2019\/03\/viclinapack-home-img1-143x300.png 143w\" sizes=\"100vw\" \/>\t\t\t\t\t\t\t\t\t\t\t\t\t\t\t<\/div>\n\t\t\t\t<\/div>\n\t\t\t\t\t<\/div>\n\t\t<\/div>\n\t\t\t\t<div class=\"elementor-column elementor-col-16 elementor-top-column elementor-element elementor-element-80be20c\" data-id=\"80be20c\" data-element_type=\"column\" data-e-type=\"column\" data-settings=\"{&quot;background_background&quot;:&quot;classic&quot;}\">\n\t\t\t<div class=\"elementor-widget-wrap elementor-element-populated\">\n\t\t\t\t\t\t<div class=\"elementor-element elementor-element-c7c02ee elementor-widget elementor-widget-heading\" data-id=\"c7c02ee\" data-element_type=\"widget\" data-e-type=\"widget\" data-widget_type=\"heading.default\">\n\t\t\t\t<div class=\"elementor-widget-container\">\n\t\t\t\t\t<h2 class=\"elementor-heading-title elementor-size-default\">ENVASADORES<br><i>VICPACK<\/i><\/h2>\t\t\t\t<\/div>\n\t\t\t\t<\/div>\n\t\t\t\t<div class=\"elementor-element elementor-element-19a8519 elementor-widget-divider--view-line elementor-widget elementor-widget-divider\" data-id=\"19a8519\" data-element_type=\"widget\" data-e-type=\"widget\" data-widget_type=\"divider.default\">\n\t\t\t\t<div class=\"elementor-widget-container\">\n\t\t\t\t\t\t\t<div class=\"elementor-divider\">\n\t\t\t<span class=\"elementor-divider-separator\">\n\t\t\t\t\t\t<\/span>\n\t\t<\/div>\n\t\t\t\t\t\t<\/div>\n\t\t\t\t<\/div>\n\t\t\t\t<div class=\"elementor-element elementor-element-41794a7 elementor-widget elementor-widget-heading\" data-id=\"41794a7\" data-element_type=\"widget\" data-e-type=\"widget\" data-widget_type=\"heading.default\">\n\t\t\t\t<div class=\"elementor-widget-container\">\n\t\t\t\t\t<p class=\"elementor-heading-title elementor-size-default\">Permet l' envasament d' una \u00e0mplia varietat de productes s\u00f2lids, l\u00edquids i en pols, Un sistema vers\u00e0til, econ\u00f2mic, f\u00e0cil d' usar i mantenir. Est\u00e0 disponible per a compra o lloguer.<\/p>\t\t\t\t<\/div>\n\t\t\t\t<\/div>\n\t\t\t\t<div class=\"elementor-element elementor-element-09e2fec elementor-widget elementor-widget-heading\" data-id=\"09e2fec\" data-element_type=\"widget\" data-e-type=\"widget\" data-widget_type=\"heading.default\">\n\t\t\t\t<div class=\"elementor-widget-container\">\n\t\t\t\t\t<p class=\"elementor-heading-title elementor-size-default\"><a href=\"https:\/\/viclinapack.com\/ca\/envasadores-vicpack\/\">ESBRINA QU\u00c8 OFEREIX MS &gt;<\/a>\n<\/p>\t\t\t\t<\/div>\n\t\t\t\t<\/div>\n\t\t\t\t\t<\/div>\n\t\t<\/div>\n\t\t\t\t<div class=\"elementor-column elementor-col-16 elementor-top-column elementor-element elementor-element-640127f\" data-id=\"640127f\" data-element_type=\"column\" data-e-type=\"column\" data-settings=\"{&quot;background_background&quot;:&quot;classic&quot;}\">\n\t\t\t<div class=\"elementor-widget-wrap elementor-element-populated\">\n\t\t\t\t\t\t<div class=\"elementor-element elementor-element-aef79e7 elementor-invisible elementor-widget elementor-widget-image\" data-id=\"aef79e7\" data-element_type=\"widget\" data-e-type=\"widget\" data-settings=\"{&quot;_animation&quot;:&quot;slideInRight&quot;}\" data-widget_type=\"image.default\">\n\t\t\t\t<div class=\"elementor-widget-container\">\n\t\t\t\t\t\t\t\t\t\t\t\t\t\t\t<img decoding=\"async\" width=\"191\" height=\"353\" src=\"https:\/\/viclinapack.com\/wp-content\/uploads\/2019\/03\/viclinapack-home-img2-ok.png\" class=\"elementor-animation-grow attachment-full size-full wp-image-740\" alt=\"\" srcset=\"https:\/\/viclinapack.com\/wp-content\/uploads\/2019\/03\/viclinapack-home-img2-ok.png 191w, https:\/\/viclinapack.com\/wp-content\/uploads\/2019\/03\/viclinapack-home-img2-ok-162x300.png 162w\" sizes=\"100vw\" \/>\t\t\t\t\t\t\t\t\t\t\t\t\t\t\t<\/div>\n\t\t\t\t<\/div>\n\t\t\t\t\t<\/div>\n\t\t<\/div>\n\t\t\t\t<div class=\"elementor-column elementor-col-16 elementor-top-column elementor-element elementor-element-2540d38\" data-id=\"2540d38\" data-element_type=\"column\" data-e-type=\"column\" data-settings=\"{&quot;background_background&quot;:&quot;classic&quot;}\">\n\t\t\t<div class=\"elementor-widget-wrap elementor-element-populated\">\n\t\t\t\t\t\t<div class=\"elementor-element elementor-element-2864546 elementor-widget elementor-widget-heading\" data-id=\"2864546\" data-element_type=\"widget\" data-e-type=\"widget\" data-widget_type=\"heading.default\">\n\t\t\t\t<div class=\"elementor-widget-container\">\n\t\t\t\t\t<h2 class=\"elementor-heading-title elementor-size-default\">LES NOSTRES<br><i>REPRESENTADES<\/i><\/h2>\t\t\t\t<\/div>\n\t\t\t\t<\/div>\n\t\t\t\t<div class=\"elementor-element elementor-element-7a9b1dd elementor-widget-divider--view-line elementor-widget elementor-widget-divider\" data-id=\"7a9b1dd\" data-element_type=\"widget\" data-e-type=\"widget\" data-widget_type=\"divider.default\">\n\t\t\t\t<div class=\"elementor-widget-container\">\n\t\t\t\t\t\t\t<div class=\"elementor-divider\">\n\t\t\t<span class=\"elementor-divider-separator\">\n\t\t\t\t\t\t<\/span>\n\t\t<\/div>\n\t\t\t\t\t\t<\/div>\n\t\t\t\t<\/div>\n\t\t\t\t<div class=\"elementor-element elementor-element-63fca47 elementor-widget elementor-widget-heading\" data-id=\"63fca47\" data-element_type=\"widget\" data-e-type=\"widget\" data-widget_type=\"heading.default\">\n\t\t\t\t<div class=\"elementor-widget-container\">\n\t\t\t\t\t<p class=\"elementor-heading-title elementor-size-default\">Cadascuna de les nostres representades en exclusiva ofereix diferents solucions per a les seves necessitats: punxons i matrius per a m\u00e0quines de comprimir, recobridores per a comprimits i gragees, desblistadores de comprimits i c\u00e0psules, segelladores per impulsos, equips de serialitzaci\u00f3 i envasadores verticals en stick.\n<\/p>\t\t\t\t<\/div>\n\t\t\t\t<\/div>\n\t\t\t\t<div class=\"elementor-element elementor-element-b0e9817 elementor-widget elementor-widget-heading\" data-id=\"b0e9817\" data-element_type=\"widget\" data-e-type=\"widget\" data-widget_type=\"heading.default\">\n\t\t\t\t<div class=\"elementor-widget-container\">\n\t\t\t\t\t<p class=\"elementor-heading-title elementor-size-default\"><a href=\"https:\/\/viclinapack.com\/ca\/representades\/\">DESC\u00daBRELES TOTES &gt;<\/a>\n<\/p>\t\t\t\t<\/div>\n\t\t\t\t<\/div>\n\t\t\t\t\t<\/div>\n\t\t<\/div>\n\t\t\t\t<div class=\"elementor-column elementor-col-16 elementor-top-column elementor-element elementor-element-5f43f77\" data-id=\"5f43f77\" data-element_type=\"column\" data-e-type=\"column\" data-settings=\"{&quot;background_background&quot;:&quot;classic&quot;}\">\n\t\t\t<div class=\"elementor-widget-wrap elementor-element-populated\">\n\t\t\t\t\t\t<div class=\"elementor-element elementor-element-96b9d0d elementor-widget elementor-widget-spacer\" data-id=\"96b9d0d\" data-element_type=\"widget\" data-e-type=\"widget\" data-widget_type=\"spacer.default\">\n\t\t\t\t<div class=\"elementor-widget-container\">\n\t\t\t\t\t\t\t<div class=\"elementor-spacer\">\n\t\t\t<div class=\"elementor-spacer-inner\"><\/div>\n\t\t<\/div>\n\t\t\t\t\t\t<\/div>\n\t\t\t\t<\/div>\n\t\t\t\t\t<\/div>\n\t\t<\/div>\n\t\t\t\t\t<\/div>\n\t\t<\/section>\n\t\t\t\t<section class=\"elementor-section elementor-top-section elementor-element elementor-element-41b2ec8 elementor-section-content-middle elementor-section-boxed elementor-section-height-default elementor-section-height-default\" data-id=\"41b2ec8\" data-element_type=\"section\" data-e-type=\"section\">\n\t\t\t\t\t\t<div class=\"elementor-container elementor-column-gap-wider\">\n\t\t\t\t\t<div class=\"elementor-column elementor-col-50 elementor-top-column elementor-element elementor-element-c8a2932\" data-id=\"c8a2932\" data-element_type=\"column\" data-e-type=\"column\">\n\t\t\t<div class=\"elementor-widget-wrap elementor-element-populated\">\n\t\t\t\t\t\t<div class=\"elementor-element elementor-element-c4f2ba6 elementor-widget elementor-widget-heading\" data-id=\"c4f2ba6\" data-element_type=\"widget\" data-e-type=\"widget\" data-widget_type=\"heading.default\">\n\t\t\t\t<div class=\"elementor-widget-container\">\n\t\t\t\t\t<h2 class=\"elementor-heading-title elementor-size-default\"> <span class=\"azul\"><i>Viclinapack: <\/i><\/span>representacions i envasament.<\/h2>\t\t\t\t<\/div>\n\t\t\t\t<\/div>\n\t\t\t\t<div class=\"elementor-element elementor-element-57882e5 elementor-widget-divider--view-line elementor-widget elementor-widget-divider\" data-id=\"57882e5\" data-element_type=\"widget\" data-e-type=\"widget\" data-widget_type=\"divider.default\">\n\t\t\t\t<div class=\"elementor-widget-container\">\n\t\t\t\t\t\t\t<div class=\"elementor-divider\">\n\t\t\t<span class=\"elementor-divider-separator\">\n\t\t\t\t\t\t<\/span>\n\t\t<\/div>\n\t\t\t\t\t\t<\/div>\n\t\t\t\t<\/div>\n\t\t\t\t<div class=\"elementor-element elementor-element-636a8dd elementor-widget elementor-widget-text-editor\" data-id=\"636a8dd\" data-element_type=\"widget\" data-e-type=\"widget\" data-widget_type=\"text-editor.default\">\n\t\t\t\t<div class=\"elementor-widget-container\">\n\t\t\t\t\t\t\t\t\t<p>A <span style=\"color: #0064a9;\"><strong>Viclinapack<\/strong><\/span> oferim solucions integrals d&#8217;envasament a trav\u00e9s de <span style=\"color: #0064a9;\"><i>la nostra marca pr\u00f2pia <\/i><\/span>i la <span style=\"color: #0064a9;\"><i>representaci\u00f3 de firmes internacionals<\/i> <em>en exclusiva<\/em>,<\/span> en sistema strip.<\/p>\t\t\t\t\t\t\t\t<\/div>\n\t\t\t\t<\/div>\n\t\t\t\t<div class=\"elementor-element elementor-element-6eee578 elementor-widget elementor-widget-text-editor\" data-id=\"6eee578\" data-element_type=\"widget\" data-e-type=\"widget\" data-widget_type=\"text-editor.default\">\n\t\t\t\t<div class=\"elementor-widget-container\">\n\t\t\t\t\t\t\t\t\t<p>Les nostres propostes responen a les necessitats de <b>petites produccions i s\u00e8ries curtes per als sectors<\/b> farmac\u00e8utic, cosm\u00e8tic, qu\u00edmic, promocional i alimentari. Disposem de <b>solucions vers\u00e0tils, econ\u00f2miques i f\u00e0cils d&#8217;usar<\/b> i mantenir.<\/p><p>Amb m\u00e9s de <b>40 anys d&#8217;experi\u00e8ncia<\/b> i la nostra cont\u00ednua an\u00e0lisi del sector, t&#8217;acompanyem en la <b>compra o lloguer de maquin\u00e0ria d&#8217;envasament<\/b>, aix\u00ed com en la instal\u00b7laci\u00f3, posada en marxa i manteniment.<\/p>\t\t\t\t\t\t\t\t<\/div>\n\t\t\t\t<\/div>\n\t\t\t\t\t<\/div>\n\t\t<\/div>\n\t\t\t\t<div class=\"elementor-column elementor-col-50 elementor-top-column elementor-element elementor-element-fd721de elementor-hidden-tablet elementor-hidden-phone elementor-invisible\" data-id=\"fd721de\" data-element_type=\"column\" data-e-type=\"column\" data-settings=\"{&quot;animation&quot;:&quot;fadeInRight&quot;}\">\n\t\t\t<div class=\"elementor-widget-wrap elementor-element-populated\">\n\t\t\t\t\t\t<div class=\"elementor-element elementor-element-28b1fb7 elementor-widget elementor-widget-image\" data-id=\"28b1fb7\" data-element_type=\"widget\" data-e-type=\"widget\" data-widget_type=\"image.default\">\n\t\t\t\t<div class=\"elementor-widget-container\">\n\t\t\t\t\t\t\t\t\t\t\t\t\t\t\t<img decoding=\"async\" width=\"850\" height=\"850\" src=\"https:\/\/viclinapack.com\/wp-content\/uploads\/2019\/03\/quien-es-viclinapack.jpg\" class=\"attachment-full size-full wp-image-734\" alt=\"\" srcset=\"https:\/\/viclinapack.com\/wp-content\/uploads\/2019\/03\/quien-es-viclinapack.jpg 850w, https:\/\/viclinapack.com\/wp-content\/uploads\/2019\/03\/quien-es-viclinapack-150x150.jpg 150w, https:\/\/viclinapack.com\/wp-content\/uploads\/2019\/03\/quien-es-viclinapack-300x300.jpg 300w, https:\/\/viclinapack.com\/wp-content\/uploads\/2019\/03\/quien-es-viclinapack-768x768.jpg 768w, https:\/\/viclinapack.com\/wp-content\/uploads\/2019\/03\/quien-es-viclinapack-100x100.jpg 100w\" sizes=\"100vw\" \/>\t\t\t\t\t\t\t\t\t\t\t\t\t\t\t<\/div>\n\t\t\t\t<\/div>\n\t\t\t\t\t<\/div>\n\t\t<\/div>\n\t\t\t\t\t<\/div>\n\t\t<\/section>\n\t\t\t\t<main class=\"elementor-section elementor-top-section elementor-element elementor-element-f937770 elementor-section-stretched elementor-section-boxed elementor-section-height-default elementor-section-height-default\" data-id=\"f937770\" data-element_type=\"section\" data-e-type=\"section\" data-settings=\"{&quot;stretch_section&quot;:&quot;section-stretched&quot;,&quot;background_background&quot;:&quot;classic&quot;}\">\n\t\t\t\t\t\t\t<div class=\"elementor-background-overlay\"><\/div>\n\t\t\t\t\t\t\t<div class=\"elementor-container elementor-column-gap-wider\">\n\t\t\t\t\t<div class=\"elementor-column elementor-col-50 elementor-top-column elementor-element elementor-element-b333d25 elementor-hidden-phone\" data-id=\"b333d25\" data-element_type=\"column\" data-e-type=\"column\">\n\t\t\t<div class=\"elementor-widget-wrap elementor-element-populated\">\n\t\t\t\t\t\t<div class=\"elementor-element elementor-element-a2473d1 elementor-widget elementor-widget-image\" data-id=\"a2473d1\" data-element_type=\"widget\" data-e-type=\"widget\" data-widget_type=\"image.default\">\n\t\t\t\t<div class=\"elementor-widget-container\">\n\t\t\t\t\t\t\t\t\t\t\t\t\t\t\t<img loading=\"lazy\" decoding=\"async\" width=\"545\" height=\"910\" src=\"https:\/\/viclinapack.com\/wp-content\/uploads\/2019\/03\/viclinapack-home-img3.png\" class=\"attachment-full size-full wp-image-738\" alt=\"\" srcset=\"https:\/\/viclinapack.com\/wp-content\/uploads\/2019\/03\/viclinapack-home-img3.png 545w, https:\/\/viclinapack.com\/wp-content\/uploads\/2019\/03\/viclinapack-home-img3-180x300.png 180w\" sizes=\"100vw\" \/>\t\t\t\t\t\t\t\t\t\t\t\t\t\t\t<\/div>\n\t\t\t\t<\/div>\n\t\t\t\t\t<\/div>\n\t\t<\/div>\n\t\t\t\t<div class=\"elementor-column elementor-col-50 elementor-top-column elementor-element elementor-element-febbcb7\" data-id=\"febbcb7\" data-element_type=\"column\" data-e-type=\"column\">\n\t\t\t<div class=\"elementor-widget-wrap elementor-element-populated\">\n\t\t\t\t\t\t<div class=\"elementor-element elementor-element-3a724ba elementor-widget elementor-widget-heading\" data-id=\"3a724ba\" data-element_type=\"widget\" data-e-type=\"widget\" data-widget_type=\"heading.default\">\n\t\t\t\t<div class=\"elementor-widget-container\">\n\t\t\t\t\t<h4 class=\"elementor-heading-title elementor-size-default\">LA NOSTRA MARCA PR\u00d2PIA<\/h4>\t\t\t\t<\/div>\n\t\t\t\t<\/div>\n\t\t\t\t<div class=\"elementor-element elementor-element-dbf1b58 elementor-widget elementor-widget-text-editor\" data-id=\"dbf1b58\" data-element_type=\"widget\" data-e-type=\"widget\" data-widget_type=\"text-editor.default\">\n\t\t\t\t<div class=\"elementor-widget-container\">\n\t\t\t\t\t\t\t\t\t<p><strong>Viclinapack MS: <\/strong>vers\u00e0til, econ\u00f2mica, f\u00e0cil d&#8217;usar i mantenir. El sistema MS permet l&#8217; envasament d&#8217; una \u00e0mplia varietat de productes s\u00f2lids, l\u00edquids i en pols.<\/p>\t\t\t\t\t\t\t\t<\/div>\n\t\t\t\t<\/div>\n\t\t\t\t<div class=\"elementor-element elementor-element-376e3e1 elementor-widget elementor-widget-text-editor\" data-id=\"376e3e1\" data-element_type=\"widget\" data-e-type=\"widget\" data-widget_type=\"text-editor.default\">\n\t\t\t\t<div class=\"elementor-widget-container\">\n\t\t\t\t\t\t\t\t\tLa varietat de dosificadors que poden afegir-se a la nostra m\u00e0quina envasadora permet personalitzar-la i adaptar la seva activitat a les necessitats de cada client. S&#8217;ajusta a qualsevol material termosoldable i est\u00e0 disponible tant per a lloguer com per a compra.\t\t\t\t\t\t\t\t<\/div>\n\t\t\t\t<\/div>\n\t\t\t\t<div class=\"elementor-element elementor-element-3382a9b elementor-align-left elementor-mobile-align-center elementor-widget elementor-widget-button\" data-id=\"3382a9b\" data-element_type=\"widget\" data-e-type=\"widget\" data-widget_type=\"button.default\">\n\t\t\t\t<div class=\"elementor-widget-container\">\n\t\t\t\t\t\t\t\t\t<div class=\"elementor-button-wrapper\">\n\t\t\t\t\t<a class=\"elementor-button elementor-button-link elementor-size-sm elementor-animation-grow\" href=\"https:\/\/viclinapack.com\/ca\/envasadores-vicpack\/\">\n\t\t\t\t\t\t<span class=\"elementor-button-content-wrapper\">\n\t\t\t\t\t\t\t\t\t<span class=\"elementor-button-text\">SABER M\u00c9S SOBRE MS<\/span>\n\t\t\t\t\t<\/span>\n\t\t\t\t\t<\/a>\n\t\t\t\t<\/div>\n\t\t\t\t\t\t\t\t<\/div>\n\t\t\t\t<\/div>\n\t\t\t\t\t<\/div>\n\t\t<\/div>\n\t\t\t\t\t<\/div>\n\t\t<\/main>\n\t\t\t\t<section class=\"elementor-section elementor-top-section elementor-element elementor-element-8ae9ffd elementor-section-content-middle elementor-section-boxed elementor-section-height-default elementor-section-height-default\" data-id=\"8ae9ffd\" data-element_type=\"section\" data-e-type=\"section\">\n\t\t\t\t\t\t<div class=\"elementor-container elementor-column-gap-wider\">\n\t\t\t\t\t<div class=\"elementor-column elementor-col-50 elementor-top-column elementor-element elementor-element-a97239c\" data-id=\"a97239c\" data-element_type=\"column\" data-e-type=\"column\">\n\t\t\t<div class=\"elementor-widget-wrap elementor-element-populated\">\n\t\t\t\t\t\t<div class=\"elementor-element elementor-element-a508c08 elementor-widget elementor-widget-global elementor-global-854 elementor-global-199 elementor-widget-heading\" data-id=\"a508c08\" data-element_type=\"widget\" data-e-type=\"widget\" data-widget_type=\"heading.default\">\n\t\t\t\t<div class=\"elementor-widget-container\">\n\t\t\t\t\t<h4 class=\"elementor-heading-title elementor-size-default\">FIRMES REPRESENTADES EN EXCLUSIVA<\/h4>\t\t\t\t<\/div>\n\t\t\t\t<\/div>\n\t\t\t\t<div class=\"elementor-element elementor-element-d67c941 elementor-widget elementor-widget-global elementor-global-859 elementor-global-200 elementor-widget-text-editor\" data-id=\"d67c941\" data-element_type=\"widget\" data-e-type=\"widget\" data-widget_type=\"text-editor.default\">\n\t\t\t\t<div class=\"elementor-widget-container\">\n\t\t\t\t\t\t\t\t\t<p>Les solucions de les nostres <span style=\"color: #0064a9;\"><strong>firmes representades<\/strong><\/span> van dirigides a satisfer <span style=\"color: #0064a9;\">les necessitats i exig\u00e8ncies<\/span> de cada client.<\/p>\t\t\t\t\t\t\t\t<\/div>\n\t\t\t\t<\/div>\n\t\t\t\t<div class=\"elementor-element elementor-element-5e091d1 elementor-widget elementor-widget-text-editor\" data-id=\"5e091d1\" data-element_type=\"widget\" data-e-type=\"widget\" data-widget_type=\"text-editor.default\">\n\t\t\t\t<div class=\"elementor-widget-container\">\n\t\t\t\t\t\t\t\t\tLa nostra llarga experi\u00e8ncia en el sector ens ha convertit en representant\nen exclusiva de <strong>diferents empreses\nl\u00edders globals.<\/strong><br><br>Les nostres sis representades ofereixen <b>solucions per a proc\u00e9s de comprensi\u00f3, recobriment de comprimits, desblistadores, segelladores, envasadores verticals i serialitzaci\u00f3. <\/b> \t\t\t\t\t\t\t\t<\/div>\n\t\t\t\t<\/div>\n\t\t\t\t<div class=\"elementor-element elementor-element-1647eee elementor-align-left elementor-mobile-align-center elementor-widget elementor-widget-button\" data-id=\"1647eee\" data-element_type=\"widget\" data-e-type=\"widget\" data-widget_type=\"button.default\">\n\t\t\t\t<div class=\"elementor-widget-container\">\n\t\t\t\t\t\t\t\t\t<div class=\"elementor-button-wrapper\">\n\t\t\t\t\t<a class=\"elementor-button elementor-button-link elementor-size-sm elementor-animation-grow\" href=\"https:\/\/viclinapack.com\/ca\/representades\/\">\n\t\t\t\t\t\t<span class=\"elementor-button-content-wrapper\">\n\t\t\t\t\t\t\t\t\t<span class=\"elementor-button-text\">DESCOBREIX-LES TOTES<\/span>\n\t\t\t\t\t<\/span>\n\t\t\t\t\t<\/a>\n\t\t\t\t<\/div>\n\t\t\t\t\t\t\t\t<\/div>\n\t\t\t\t<\/div>\n\t\t\t\t\t<\/div>\n\t\t<\/div>\n\t\t\t\t<div class=\"elementor-column elementor-col-50 elementor-top-column elementor-element elementor-element-1bbee39\" data-id=\"1bbee39\" data-element_type=\"column\" data-e-type=\"column\">\n\t\t\t<div class=\"elementor-widget-wrap elementor-element-populated\">\n\t\t\t\t\t\t<div class=\"elementor-element elementor-element-632a66f elementor-widget elementor-widget-image\" data-id=\"632a66f\" data-element_type=\"widget\" data-e-type=\"widget\" data-widget_type=\"image.default\">\n\t\t\t\t<div class=\"elementor-widget-container\">\n\t\t\t\t\t\t\t\t\t\t\t\t\t\t\t<img loading=\"lazy\" decoding=\"async\" width=\"1536\" height=\"1024\" src=\"https:\/\/viclinapack.com\/wp-content\/uploads\/2026\/03\/logos_representadas.png\" class=\"attachment-full size-full wp-image-827\" alt=\"\" srcset=\"https:\/\/viclinapack.com\/wp-content\/uploads\/2026\/03\/logos_representadas.png 1536w, https:\/\/viclinapack.com\/wp-content\/uploads\/2026\/03\/logos_representadas-300x200.png 300w, https:\/\/viclinapack.com\/wp-content\/uploads\/2026\/03\/logos_representadas-1024x683.png 1024w, https:\/\/viclinapack.com\/wp-content\/uploads\/2026\/03\/logos_representadas-768x512.png 768w\" sizes=\"100vw\" \/>\t\t\t\t\t\t\t\t\t\t\t\t\t\t\t<\/div>\n\t\t\t\t<\/div>\n\t\t\t\t\t<\/div>\n\t\t<\/div>\n\t\t\t\t\t<\/div>\n\t\t<\/section>\n\t\t\t\t<\/div>\n\t\t","protected":false},"excerpt":{"rendered":"<p>A Viclinapack oferim solucions integrals d&#8217;envasament de sistema strip a trav\u00e9s de la nostra marca pr\u00f2pia i la representaci\u00f3 de firmes internacionals en exclusiva. ENVASADORESVICPACK Permet l&#8217; envasament d&#8217; una \u00e0mplia varietat de productes s\u00f2lids, l\u00edquids i en pols, Un sistema vers\u00e0til, econ\u00f2mic, f\u00e0cil d&#8217; usar i mantenir. Est\u00e0 disponible per a compra o lloguer. &hellip; <\/p>\n<p class=\"link-more\"><a href=\"https:\/\/viclinapack.com\/ca\/\" class=\"more-link\">Continua llegint <span class=\"screen-reader-text\">\u00abBenvingut a Viclinapack\u00bb<\/span><\/a><\/p>\n","protected":false},"author":1,"featured_media":0,"parent":0,"menu_order":0,"comment_status":"closed","ping_status":"closed","template":"elementor_header_footer","meta":{"_seopress_robots_primary_cat":"","_seopress_titles_title":"Viclinapack - Representacions i Envasament","_seopress_titles_desc":"A Viclinapack oferim solucions integrals d'envasament de sistema strip a trav\u00e9s de la nostra marca pr\u00f2pia i la representaci\u00f3 de firmes internacionals en exclusiva.","_seopress_robots_index":"","footnotes":""},"class_list":["post-730","page","type-page","status-publish","hentry"],"_links":{"self":[{"href":"https:\/\/viclinapack.com\/ca\/wp-json\/wp\/v2\/pages\/730","targetHints":{"allow":["GET"]}}],"collection":[{"href":"https:\/\/viclinapack.com\/ca\/wp-json\/wp\/v2\/pages"}],"about":[{"href":"https:\/\/viclinapack.com\/ca\/wp-json\/wp\/v2\/types\/page"}],"author":[{"embeddable":true,"href":"https:\/\/viclinapack.com\/ca\/wp-json\/wp\/v2\/users\/1"}],"replies":[{"embeddable":true,"href":"https:\/\/viclinapack.com\/ca\/wp-json\/wp\/v2\/comments?post=730"}],"version-history":[{"count":15,"href":"https:\/\/viclinapack.com\/ca\/wp-json\/wp\/v2\/pages\/730\/revisions"}],"predecessor-version":[{"id":841,"href":"https:\/\/viclinapack.com\/ca\/wp-json\/wp\/v2\/pages\/730\/revisions\/841"}],"wp:attachment":[{"href":"https:\/\/viclinapack.com\/ca\/wp-json\/wp\/v2\/media?parent=730"}],"curies":[{"name":"wp","href":"https:\/\/api.w.org\/{rel}","templated":true}]}}